{"id":23894,"date":"2025-09-01T06:38:21","date_gmt":"2025-09-01T06:38:21","guid":{"rendered":"https:\/\/wpstore.marinlatinfoods.com\/?page_id=23894"},"modified":"2025-09-01T07:02:24","modified_gmt":"2025-09-01T07:02:24","slug":"paul-g-marin-sr","status":"publish","type":"page","link":"https:\/\/wpstore.marinlatinfoods.com\/es\/paul-g-marin-sr\/","title":{"rendered":"Paul G. Mar\u00cdn Sr."},"content":{"rendered":"<div data-elementor-type=\"wp-page\" data-elementor-id=\"23894\" class=\"elementor elementor-23894\">\n\t\t\t\t<div class=\"elementor-element elementor-element-fed15ed e-flex e-con-boxed e-con e-parent\" data-id=\"fed15ed\" data-element_type=\"container\">\n\t\t\t\t\t<div class=\"e-con-inner\">\n\t\t\t\t<div class=\"elementor-element elementor-element-0a3a92c elementor-widget elementor-widget-hema-heading\" data-id=\"0a3a92c\" data-element_type=\"widget\" data-widget_type=\"hema-heading.default\">\n\t\t\t\t<div class=\"elementor-widget-container\">\n\t\t\t\t\t<div id=\"hema-heading-69dfe0f11782f\" class=\"hema-element bx-wrap hema-heading\"><div class=\"hwt-heading\"><h2  class=\"bx-title\">Paul G. Mar\u00cdn Sr.<\/h2><\/div><\/div>\t\t\t\t<\/div>\n\t\t\t\t<\/div>\n\t\t\t\t<div class=\"elementor-element elementor-element-ff5d5c1 elementor-widget elementor-widget-hema-image-box\" data-id=\"ff5d5c1\" data-element_type=\"widget\" data-widget_type=\"hema-image-box.default\">\n\t\t\t\t<div class=\"elementor-widget-container\">\n\t\t\t\t\t<div id=\"hema-image-box-69dfe0f118ed0\" class=\"hema-element bx-wrap hema-image-box wt-imgbx imgbx-styl-def\"><div  class=\"bx-img none\"><img fetchpriority=\"high\" decoding=\"async\" width=\"267\" height=\"400\" src=\"https:\/\/wpstore.marinlatinfoods.com\/wp-content\/uploads\/2025\/09\/paul-bio-page.png\" class=\"post-image attachment-full\" alt=\"\" title=\"Paul G. Mar\u00cdn Sr.\" srcset=\"https:\/\/wpstore.marinlatinfoods.com\/wp-content\/uploads\/2025\/09\/paul-bio-page.png 267w, https:\/\/wpstore.marinlatinfoods.com\/wp-content\/uploads\/2025\/09\/paul-bio-page-200x300.png 200w, https:\/\/wpstore.marinlatinfoods.com\/wp-content\/uploads\/2025\/09\/paul-bio-page-150x225.png 150w\" sizes=\"(max-width: 267px) 100vw, 267px\" \/><\/div><div class=\"bx-wrap-cont\"><h3  class=\"bx-title\">Founder \/ CEO &amp; President<\/h3><\/div><\/div>\t\t\t\t<\/div>\n\t\t\t\t<\/div>\n\t\t\t\t<div class=\"elementor-element elementor-element-e845470 elementor-widget__width-initial elementor-widget elementor-widget-hema-text\" data-id=\"e845470\" data-element_type=\"widget\" data-widget_type=\"hema-text.default\">\n\t\t\t\t<div class=\"elementor-widget-container\">\n\t\t\t\t\t<div id=\"hema-text69dfe0f119de6\" class=\"hema-element hema-text hwt-text\"><p  class=\"bx-content\"> \nPaul G. Marin Sr. es el Fundador, CEO y Presidente de Mar\u00edn de La Isla Verde\u2122, LLC., as\u00ed como el desarrollador de todas sus recetas patentadas. Tiene m\u00e1s de 30 a\u00f1os en marketing, publicidad, dise\u00f1o y ventas, as\u00ed como experiencia en cocina. A temprana edad, su padre, Gonzalo Mar\u00edn, nativo de Puerto Rico y antiguo chef de varios restaurantes populares en la ciudad de Nueva York, le ense\u00f1\u00f3 a cocinar. A medida que pas\u00f3 el tiempo, Paul perfeccion\u00f3 su habilidad para cocinar y con todos los dem\u00e1s conocimientos que hab\u00eda adquirido, le proporcion\u00f3 una visi\u00f3n incre\u00edble que reforz\u00f3 la idea de comenzar un negocio desde cero.<\/p><\/div>\t\t\t\t<\/div>\n\t\t\t\t<\/div>\n\t\t\t\t<div class=\"elementor-element elementor-element-439787a elementor-widget__width-initial elementor-widget elementor-widget-hema-text\" data-id=\"439787a\" data-element_type=\"widget\" data-widget_type=\"hema-text.default\">\n\t\t\t\t<div class=\"elementor-widget-container\">\n\t\t\t\t\t<div id=\"hema-text69dfe0f11a1e8\" class=\"hema-element hema-text hwt-text\"><p  class=\"bx-content\">Paul es primo segundo de Luis Mu\u00f1oz Mar\u00edn, gobernador de Puerto Rico desde hace mucho tiempo entre los a\u00f1os 1949 y 1965. Luis fue un poeta, periodista y pol\u00edtico puertorrique\u00f1o. Fue considerado como el \"padre del moderno Puerto Rico\" y fue el primer gobernador democr\u00e1ticamente elegido de Puerto Rico.<\/p><\/div>\t\t\t\t<\/div>\n\t\t\t\t<\/div>\n\t\t\t\t<div class=\"elementor-element elementor-element-b704b31 elementor-widget__width-initial elementor-widget elementor-widget-hema-text\" data-id=\"b704b31\" data-element_type=\"widget\" data-widget_type=\"hema-text.default\">\n\t\t\t\t<div class=\"elementor-widget-container\">\n\t\t\t\t\t<div id=\"hema-text69dfe0f11a521\" class=\"hema-element hema-text hwt-text\"><p  class=\"bx-content\">Como se dijo anteriormente, Paul tiene experiencia en marketing, publicidad, dise\u00f1o y ventas. Fue director art\u00edstico senior de un importante fabricante de iluminaci\u00f3n, director art\u00edstico y de marketing de Atriad Print Design (una agencia de publicidad triestatal) y asistente del director art\u00edstico de Sono Graphics, todos ubicados en el Bronx, Nueva York. Tambi\u00e9n es responsable de los logotipos corporativos, los dise\u00f1os de empaque y del sitio web, las l\u00edneas de copia y etiquetado, as\u00ed como los conceptos comerciales de televisi\u00f3n para la compa\u00f1\u00eda.<\/p><\/div>\t\t\t\t<\/div>\n\t\t\t\t<\/div>\n\t\t\t\t\t<\/div>\n\t\t\t\t<\/div>\n\t\t\t\t<\/div>","protected":false},"excerpt":{"rendered":"<p>Paul G. Mar\u00cdn Sr. Founder \/ CEO &amp; President Paul G. Marin Sr. is the Founder, CEO &amp; President of Mar\u00edn de La Isla Verde\u2122, LLC., as well as, the developer of all their patented recipes. He has over 30 [&hellip;]<\/p>","protected":false},"author":1,"featured_media":0,"parent":0,"menu_order":0,"comment_status":"closed","ping_status":"closed","template":"elementor_header_footer","meta":{"footnotes":""},"class_list":["post-23894","page","type-page","status-publish","hentry"],"yoast_head":"<!-- This site is optimized with the Yoast SEO plugin v25.9 - https:\/\/yoast.com\/wordpress\/plugins\/seo\/ -->\n<title>Paul G. Mar\u00cdn Sr. - Mar\u00edn Latin Foods<\/title>\n<meta name=\"robots\" content=\"noindex, follow, max-snippet:-1, max-image-preview:large, max-video-preview:-1\" \/>\n<meta property=\"og:locale\" content=\"es_ES\" \/>\n<meta property=\"og:type\" content=\"article\" \/>\n<meta property=\"og:title\" content=\"Paul G. Mar\u00cdn Sr. - Mar\u00edn Latin Foods\" \/>\n<meta property=\"og:description\" content=\"Paul G. Mar\u00cdn Sr. Founder \/ CEO &amp; President Paul G. Marin Sr. is the Founder, CEO &amp; President of Mar\u00edn de La Isla Verde\u2122, LLC., as well as, the developer of all their patented recipes. He has over 30 [&hellip;]\" \/>\n<meta property=\"og:url\" content=\"https:\/\/wpstore.marinlatinfoods.com\/es\/paul-g-marin-sr\/\" \/>\n<meta property=\"og:site_name\" content=\"Mar\u00edn Latin Foods\" \/>\n<meta property=\"article:modified_time\" content=\"2025-09-01T07:02:24+00:00\" \/>\n<meta property=\"og:image\" content=\"https:\/\/wpstore.marinlatinfoods.com\/wp-content\/uploads\/2025\/09\/paul-bio-page.png\" \/>\n<meta name=\"twitter:card\" content=\"summary_large_image\" \/>\n<meta name=\"twitter:label1\" content=\"Est. reading time\" \/>\n\t<meta name=\"twitter:data1\" content=\"1 minuto\" \/>\n<script type=\"application\/ld+json\" class=\"yoast-schema-graph\">{\"@context\":\"https:\/\/schema.org\",\"@graph\":[{\"@type\":\"WebPage\",\"@id\":\"https:\/\/wpstore.marinlatinfoods.com\/paul-g-marin-sr\/\",\"url\":\"https:\/\/wpstore.marinlatinfoods.com\/paul-g-marin-sr\/\",\"name\":\"Paul G. Mar\u00cdn Sr. - Mar\u00edn Latin Foods\",\"isPartOf\":{\"@id\":\"https:\/\/wpstore.marinlatinfoods.com\/#website\"},\"primaryImageOfPage\":{\"@id\":\"https:\/\/wpstore.marinlatinfoods.com\/paul-g-marin-sr\/#primaryimage\"},\"image\":{\"@id\":\"https:\/\/wpstore.marinlatinfoods.com\/paul-g-marin-sr\/#primaryimage\"},\"thumbnailUrl\":\"https:\/\/wpstore.marinlatinfoods.com\/wp-content\/uploads\/2025\/09\/paul-bio-page.png\",\"datePublished\":\"2025-09-01T06:38:21+00:00\",\"dateModified\":\"2025-09-01T07:02:24+00:00\",\"breadcrumb\":{\"@id\":\"https:\/\/wpstore.marinlatinfoods.com\/paul-g-marin-sr\/#breadcrumb\"},\"inLanguage\":\"es\",\"potentialAction\":[{\"@type\":\"ReadAction\",\"target\":[\"https:\/\/wpstore.marinlatinfoods.com\/paul-g-marin-sr\/\"]}]},{\"@type\":\"ImageObject\",\"inLanguage\":\"es\",\"@id\":\"https:\/\/wpstore.marinlatinfoods.com\/paul-g-marin-sr\/#primaryimage\",\"url\":\"https:\/\/wpstore.marinlatinfoods.com\/wp-content\/uploads\/2025\/09\/paul-bio-page.png\",\"contentUrl\":\"https:\/\/wpstore.marinlatinfoods.com\/wp-content\/uploads\/2025\/09\/paul-bio-page.png\"},{\"@type\":\"BreadcrumbList\",\"@id\":\"https:\/\/wpstore.marinlatinfoods.com\/paul-g-marin-sr\/#breadcrumb\",\"itemListElement\":[{\"@type\":\"ListItem\",\"position\":1,\"name\":\"Home\",\"item\":\"https:\/\/wpstore.marinlatinfoods.com\/\"},{\"@type\":\"ListItem\",\"position\":2,\"name\":\"Paul G. Mar\u00cdn Sr.\"}]},{\"@type\":\"WebSite\",\"@id\":\"https:\/\/wpstore.marinlatinfoods.com\/#website\",\"url\":\"https:\/\/wpstore.marinlatinfoods.com\/\",\"name\":\"Mar\u00edn Latin Foods\",\"description\":\"&quot;Can&#039;t get any better!&quot; \/ &quot;\u00a1No hay nada mejor!&quot;\",\"publisher\":{\"@id\":\"https:\/\/wpstore.marinlatinfoods.com\/#organization\"},\"potentialAction\":[{\"@type\":\"SearchAction\",\"target\":{\"@type\":\"EntryPoint\",\"urlTemplate\":\"https:\/\/wpstore.marinlatinfoods.com\/?s={search_term_string}\"},\"query-input\":{\"@type\":\"PropertyValueSpecification\",\"valueRequired\":true,\"valueName\":\"search_term_string\"}}],\"inLanguage\":\"es\"},{\"@type\":\"Organization\",\"@id\":\"https:\/\/wpstore.marinlatinfoods.com\/#organization\",\"name\":\"Mar\u00edn Latin Foods\",\"url\":\"https:\/\/wpstore.marinlatinfoods.com\/\",\"logo\":{\"@type\":\"ImageObject\",\"inLanguage\":\"es\",\"@id\":\"https:\/\/wpstore.marinlatinfoods.com\/#\/schema\/logo\/image\/\",\"url\":\"https:\/\/wpstore.marinlatinfoods.com\/wp-content\/uploads\/2025\/07\/logo12_1582488128-1.png\",\"contentUrl\":\"https:\/\/wpstore.marinlatinfoods.com\/wp-content\/uploads\/2025\/07\/logo12_1582488128-1.png\",\"width\":150,\"height\":96,\"caption\":\"Mar\u00edn Latin Foods\"},\"image\":{\"@id\":\"https:\/\/wpstore.marinlatinfoods.com\/#\/schema\/logo\/image\/\"}}]}<\/script>\n<!-- \/ Yoast SEO plugin. -->","yoast_head_json":{"title":"Paul G. Mar\u00cdn Sr. - Mar\u00edn Latin Foods","robots":{"index":"noindex","follow":"follow","max-snippet":"max-snippet:-1","max-image-preview":"max-image-preview:large","max-video-preview":"max-video-preview:-1"},"og_locale":"es_ES","og_type":"article","og_title":"Paul G. Mar\u00cdn Sr. - Mar\u00edn Latin Foods","og_description":"Paul G. Mar\u00cdn Sr. Founder \/ CEO &amp; President Paul G. Marin Sr. is the Founder, CEO &amp; President of Mar\u00edn de La Isla Verde\u2122, LLC., as well as, the developer of all their patented recipes. He has over 30 [&hellip;]","og_url":"https:\/\/wpstore.marinlatinfoods.com\/es\/paul-g-marin-sr\/","og_site_name":"Mar\u00edn Latin Foods","article_modified_time":"2025-09-01T07:02:24+00:00","og_image":[{"url":"https:\/\/wpstore.marinlatinfoods.com\/wp-content\/uploads\/2025\/09\/paul-bio-page.png","type":"","width":"","height":""}],"twitter_card":"summary_large_image","twitter_misc":{"Est. reading time":"1 minuto"},"schema":{"@context":"https:\/\/schema.org","@graph":[{"@type":"WebPage","@id":"https:\/\/wpstore.marinlatinfoods.com\/paul-g-marin-sr\/","url":"https:\/\/wpstore.marinlatinfoods.com\/paul-g-marin-sr\/","name":"Paul G. Mar\u00cdn Sr. - Mar\u00edn Latin Foods","isPartOf":{"@id":"https:\/\/wpstore.marinlatinfoods.com\/#website"},"primaryImageOfPage":{"@id":"https:\/\/wpstore.marinlatinfoods.com\/paul-g-marin-sr\/#primaryimage"},"image":{"@id":"https:\/\/wpstore.marinlatinfoods.com\/paul-g-marin-sr\/#primaryimage"},"thumbnailUrl":"https:\/\/wpstore.marinlatinfoods.com\/wp-content\/uploads\/2025\/09\/paul-bio-page.png","datePublished":"2025-09-01T06:38:21+00:00","dateModified":"2025-09-01T07:02:24+00:00","breadcrumb":{"@id":"https:\/\/wpstore.marinlatinfoods.com\/paul-g-marin-sr\/#breadcrumb"},"inLanguage":"es","potentialAction":[{"@type":"ReadAction","target":["https:\/\/wpstore.marinlatinfoods.com\/paul-g-marin-sr\/"]}]},{"@type":"ImageObject","inLanguage":"es","@id":"https:\/\/wpstore.marinlatinfoods.com\/paul-g-marin-sr\/#primaryimage","url":"https:\/\/wpstore.marinlatinfoods.com\/wp-content\/uploads\/2025\/09\/paul-bio-page.png","contentUrl":"https:\/\/wpstore.marinlatinfoods.com\/wp-content\/uploads\/2025\/09\/paul-bio-page.png"},{"@type":"BreadcrumbList","@id":"https:\/\/wpstore.marinlatinfoods.com\/paul-g-marin-sr\/#breadcrumb","itemListElement":[{"@type":"ListItem","position":1,"name":"Home","item":"https:\/\/wpstore.marinlatinfoods.com\/"},{"@type":"ListItem","position":2,"name":"Paul G. Mar\u00cdn Sr."}]},{"@type":"WebSite","@id":"https:\/\/wpstore.marinlatinfoods.com\/#website","url":"https:\/\/wpstore.marinlatinfoods.com\/","name":"Mar\u00edn Latin Foods","description":"&quot;Can&#039;t get any better!&quot; \/ &quot;\u00a1No hay nada mejor!&quot;","publisher":{"@id":"https:\/\/wpstore.marinlatinfoods.com\/#organization"},"potentialAction":[{"@type":"SearchAction","target":{"@type":"EntryPoint","urlTemplate":"https:\/\/wpstore.marinlatinfoods.com\/?s={search_term_string}"},"query-input":{"@type":"PropertyValueSpecification","valueRequired":true,"valueName":"search_term_string"}}],"inLanguage":"es"},{"@type":"Organization","@id":"https:\/\/wpstore.marinlatinfoods.com\/#organization","name":"Mar\u00edn Latin Foods","url":"https:\/\/wpstore.marinlatinfoods.com\/","logo":{"@type":"ImageObject","inLanguage":"es","@id":"https:\/\/wpstore.marinlatinfoods.com\/#\/schema\/logo\/image\/","url":"https:\/\/wpstore.marinlatinfoods.com\/wp-content\/uploads\/2025\/07\/logo12_1582488128-1.png","contentUrl":"https:\/\/wpstore.marinlatinfoods.com\/wp-content\/uploads\/2025\/07\/logo12_1582488128-1.png","width":150,"height":96,"caption":"Mar\u00edn Latin Foods"},"image":{"@id":"https:\/\/wpstore.marinlatinfoods.com\/#\/schema\/logo\/image\/"}}]}},"_links":{"self":[{"href":"https:\/\/wpstore.marinlatinfoods.com\/es\/wp-json\/wp\/v2\/pages\/23894","targetHints":{"allow":["GET"]}}],"collection":[{"href":"https:\/\/wpstore.marinlatinfoods.com\/es\/wp-json\/wp\/v2\/pages"}],"about":[{"href":"https:\/\/wpstore.marinlatinfoods.com\/es\/wp-json\/wp\/v2\/types\/page"}],"author":[{"embeddable":true,"href":"https:\/\/wpstore.marinlatinfoods.com\/es\/wp-json\/wp\/v2\/users\/1"}],"replies":[{"embeddable":true,"href":"https:\/\/wpstore.marinlatinfoods.com\/es\/wp-json\/wp\/v2\/comments?post=23894"}],"version-history":[{"count":7,"href":"https:\/\/wpstore.marinlatinfoods.com\/es\/wp-json\/wp\/v2\/pages\/23894\/revisions"}],"predecessor-version":[{"id":23907,"href":"https:\/\/wpstore.marinlatinfoods.com\/es\/wp-json\/wp\/v2\/pages\/23894\/revisions\/23907"}],"wp:attachment":[{"href":"https:\/\/wpstore.marinlatinfoods.com\/es\/wp-json\/wp\/v2\/media?parent=23894"}],"curies":[{"name":"wp","href":"https:\/\/api.w.org\/{rel}","templated":true}]}}