{"id":23902,"date":"2025-09-01T06:59:09","date_gmt":"2025-09-01T06:59:09","guid":{"rendered":"https:\/\/wpstore.marinlatinfoods.com\/?page_id=23902"},"modified":"2025-09-22T20:18:01","modified_gmt":"2025-09-22T20:18:01","slug":"nishant-patel","status":"publish","type":"page","link":"https:\/\/wpstore.marinlatinfoods.com\/es\/nishant-patel\/","title":{"rendered":"Nishant B. Patel"},"content":{"rendered":"<div data-elementor-type=\"wp-page\" data-elementor-id=\"23902\" class=\"elementor elementor-23902\">\n\t\t\t\t<div class=\"elementor-element elementor-element-899298d e-flex e-con-boxed e-con e-parent\" data-id=\"899298d\" data-element_type=\"container\">\n\t\t\t\t\t<div class=\"e-con-inner\">\n\t\t\t\t<div class=\"elementor-element elementor-element-bdaa1f7 elementor-widget elementor-widget-hema-heading\" data-id=\"bdaa1f7\" data-element_type=\"widget\" data-widget_type=\"hema-heading.default\">\n\t\t\t\t<div class=\"elementor-widget-container\">\n\t\t\t\t\t<div id=\"hema-heading-69e01dc8a8609\" class=\"hema-element bx-wrap hema-heading\"><div class=\"hwt-heading\"><h2  class=\"bx-title\">Nishant B. Patel<\/h2><\/div><\/div>\t\t\t\t<\/div>\n\t\t\t\t<\/div>\n\t\t\t\t<div class=\"elementor-element elementor-element-5e80bad elementor-widget elementor-widget-hema-image-box\" data-id=\"5e80bad\" data-element_type=\"widget\" data-widget_type=\"hema-image-box.default\">\n\t\t\t\t<div class=\"elementor-widget-container\">\n\t\t\t\t\t<div id=\"hema-image-box-69e01dc8a9f0e\" class=\"hema-element bx-wrap hema-image-box wt-imgbx imgbx-styl-def\"><div  class=\"bx-img none\"><img fetchpriority=\"high\" decoding=\"async\" width=\"267\" height=\"400\" src=\"https:\/\/wpstore.marinlatinfoods.com\/wp-content\/uploads\/2025\/09\/nishant-bio-page.png\" class=\"post-image attachment-full\" alt=\"\" title=\"nishant-bio-page\" srcset=\"https:\/\/wpstore.marinlatinfoods.com\/wp-content\/uploads\/2025\/09\/nishant-bio-page.png 267w, https:\/\/wpstore.marinlatinfoods.com\/wp-content\/uploads\/2025\/09\/nishant-bio-page-200x300.png 200w, https:\/\/wpstore.marinlatinfoods.com\/wp-content\/uploads\/2025\/09\/nishant-bio-page-8x12.png 8w, https:\/\/wpstore.marinlatinfoods.com\/wp-content\/uploads\/2025\/09\/nishant-bio-page-150x225.png 150w\" sizes=\"(max-width: 267px) 100vw, 267px\" \/><\/div><div class=\"bx-wrap-cont\"><h3  class=\"bx-title\">Dise\u00f1ador Web Senior<\/h3><\/div><\/div>\t\t\t\t<\/div>\n\t\t\t\t<\/div>\n\t\t\t\t<div class=\"elementor-element elementor-element-0a316fd elementor-widget__width-initial elementor-widget elementor-widget-hema-text\" data-id=\"0a316fd\" data-element_type=\"widget\" data-widget_type=\"hema-text.default\">\n\t\t\t\t<div class=\"elementor-widget-container\">\n\t\t\t\t\t<div id=\"hema-text69e01dc8aaec3\" class=\"hema-element hema-text hwt-text\"><p  class=\"bx-content\">\nNishant Patel es el dise\u00f1ador web s\u00e9nior de Marin Latin Foods. Paul lo incorpor\u00f3 al equipo como dise\u00f1ador web s\u00e9nior precisamente por su amplia experiencia y conocimiento en dise\u00f1o web. \"Lorem ipsum dolor sit amet, consectetur adipiscing elit, sed do eiusmod tempor incididunt ut labore et dolore magna aliqua. Ut enim ad minim veniam, quis nostrud exercitation ullamco laboris nisi ut aliquip ex ea commodo consequat. Duis aute irure dolor in reprehenderit in voluptate velit esse cillum dolore eu fugiat nulla pariatur. Excepteur sint occaecat cupidatat non proident, sunt in culpa qui officia deserunt mollit anim id est laborum.\"<\/p><\/div>\t\t\t\t<\/div>\n\t\t\t\t<\/div>\n\t\t\t\t<div class=\"elementor-element elementor-element-fca1995 elementor-widget__width-initial elementor-widget elementor-widget-hema-text\" data-id=\"fca1995\" data-element_type=\"widget\" data-widget_type=\"hema-text.default\">\n\t\t\t\t<div class=\"elementor-widget-container\">\n\t\t\t\t\t<div id=\"hema-text69e01dc8ab1f4\" class=\"hema-element hema-text hwt-text\"><p  class=\"bx-content\">\"At vero eos et accusamus et iusto odio dignissimos ducimus qui blanditiis praesentium voluptatum deleniti atque corrupti quos dolores et quas molestias excepturi sint occaecati cupiditate non provident, similique sunt in culpa qui officia deserunt mollitia animi, id est laborum et dolorum fuga. Et harum quidem rerum facilis est et expedita distinctio. Nam libero tempore, cum soluta nobis est eligendi optio cumque nihil impedit quo minus id quod maxime placeat facere possimus, omnis voluptas assumenda est, omnis dolor repellendus. Temporibus autem quibusdam et aut officiis debitis aut rerum necessitatibus saepe eveniet ut et voluptates repudiandae sint et molestiae non recusandae. Itaque earum rerum hic tenetur a sapiente delectus, ut aut reiciendis voluptatibus maiores alias consequatur aut perferendis doloribus asperiores repellat.\"<\/p><\/div>\t\t\t\t<\/div>\n\t\t\t\t<\/div>\n\t\t\t\t<div class=\"elementor-element elementor-element-cfdb1e7 elementor-widget__width-initial elementor-widget elementor-widget-hema-text\" data-id=\"cfdb1e7\" data-element_type=\"widget\" data-widget_type=\"hema-text.default\">\n\t\t\t\t<div class=\"elementor-widget-container\">\n\t\t\t\t\t<div id=\"hema-text69e01dc8ab49d\" class=\"hema-element hema-text hwt-text\"><p  class=\"bx-content\">\"Sed ut perspiciatis unde omnis iste natus error sit voluptatem accusantium doloremque laudantium, totam rem aperiam, eaque ipsa quae ab illo inventore veritatis et quasi architecto beatae vitae dicta sunt explicabo. Nemo enim ipsam voluptatem quia voluptas sit aspernatur aut odit aut fugit, sed quia consequuntur magni dolores eos qui ratione voluptatem sequi nesciunt. Neque porro quisquam est, qui dolorem ipsum quia dolor sit amet, consectetur, adipisci velit, sed quia non numquam eius modi tempora incidunt ut labore et dolore magnam aliquam quaerat voluptatem. Ut enim ad minima veniam, quis nostrum exercitationem ullam corporis suscipit laboriosam, nisi ut aliquid ex ea commodi consequatur?<\/p><\/div>\t\t\t\t<\/div>\n\t\t\t\t<\/div>\n\t\t\t\t\t<\/div>\n\t\t\t\t<\/div>\n\t\t\t\t<\/div>","protected":false},"excerpt":{"rendered":"<p>Nishant B. Patel Senior Web Designer Nishant Patel is the Senior Web Designer for Marin Latin Foods. Paul brought Nishant onto the team as their Senior Web Designer specifically because of his vast experience and knowledge in website design. &#8220;Lorem [&hellip;]<\/p>","protected":false},"author":1,"featured_media":0,"parent":0,"menu_order":0,"comment_status":"closed","ping_status":"closed","template":"elementor_header_footer","meta":{"footnotes":""},"class_list":["post-23902","page","type-page","status-publish","hentry"],"yoast_head":"<!-- This site is optimized with the Yoast SEO plugin v25.9 - https:\/\/yoast.com\/wordpress\/plugins\/seo\/ -->\n<title>Nishant B. Patel - Mar\u00edn Latin Foods<\/title>\n<meta name=\"robots\" content=\"noindex, follow, max-snippet:-1, max-image-preview:large, max-video-preview:-1\" \/>\n<meta property=\"og:locale\" content=\"es_ES\" \/>\n<meta property=\"og:type\" content=\"article\" \/>\n<meta property=\"og:title\" content=\"Nishant B. Patel - Mar\u00edn Latin Foods\" \/>\n<meta property=\"og:description\" content=\"Nishant B. Patel Senior Web Designer Nishant Patel is the Senior Web Designer for Marin Latin Foods. Paul brought Nishant onto the team as their Senior Web Designer specifically because of his vast experience and knowledge in website design. &#8220;Lorem [&hellip;]\" \/>\n<meta property=\"og:url\" content=\"https:\/\/wpstore.marinlatinfoods.com\/es\/nishant-patel\/\" \/>\n<meta property=\"og:site_name\" content=\"Mar\u00edn Latin Foods\" \/>\n<meta property=\"article:modified_time\" content=\"2025-09-22T20:18:01+00:00\" \/>\n<meta property=\"og:image\" content=\"https:\/\/wpstore.marinlatinfoods.com\/wp-content\/uploads\/2025\/09\/nishant-bio-page.png\" \/>\n<meta name=\"twitter:card\" content=\"summary_large_image\" \/>\n<meta name=\"twitter:label1\" content=\"Est. reading time\" \/>\n\t<meta name=\"twitter:data1\" content=\"2 minutos\" \/>\n<script type=\"application\/ld+json\" class=\"yoast-schema-graph\">{\"@context\":\"https:\/\/schema.org\",\"@graph\":[{\"@type\":\"WebPage\",\"@id\":\"https:\/\/wpstore.marinlatinfoods.com\/nishant-patel\/\",\"url\":\"https:\/\/wpstore.marinlatinfoods.com\/nishant-patel\/\",\"name\":\"Nishant B. Patel - Mar\u00edn Latin Foods\",\"isPartOf\":{\"@id\":\"https:\/\/wpstore.marinlatinfoods.com\/#website\"},\"primaryImageOfPage\":{\"@id\":\"https:\/\/wpstore.marinlatinfoods.com\/nishant-patel\/#primaryimage\"},\"image\":{\"@id\":\"https:\/\/wpstore.marinlatinfoods.com\/nishant-patel\/#primaryimage\"},\"thumbnailUrl\":\"https:\/\/wpstore.marinlatinfoods.com\/wp-content\/uploads\/2025\/09\/nishant-bio-page.png\",\"datePublished\":\"2025-09-01T06:59:09+00:00\",\"dateModified\":\"2025-09-22T20:18:01+00:00\",\"breadcrumb\":{\"@id\":\"https:\/\/wpstore.marinlatinfoods.com\/nishant-patel\/#breadcrumb\"},\"inLanguage\":\"es\",\"potentialAction\":[{\"@type\":\"ReadAction\",\"target\":[\"https:\/\/wpstore.marinlatinfoods.com\/nishant-patel\/\"]}]},{\"@type\":\"ImageObject\",\"inLanguage\":\"es\",\"@id\":\"https:\/\/wpstore.marinlatinfoods.com\/nishant-patel\/#primaryimage\",\"url\":\"https:\/\/wpstore.marinlatinfoods.com\/wp-content\/uploads\/2025\/09\/nishant-bio-page.png\",\"contentUrl\":\"https:\/\/wpstore.marinlatinfoods.com\/wp-content\/uploads\/2025\/09\/nishant-bio-page.png\"},{\"@type\":\"BreadcrumbList\",\"@id\":\"https:\/\/wpstore.marinlatinfoods.com\/nishant-patel\/#breadcrumb\",\"itemListElement\":[{\"@type\":\"ListItem\",\"position\":1,\"name\":\"Home\",\"item\":\"https:\/\/wpstore.marinlatinfoods.com\/\"},{\"@type\":\"ListItem\",\"position\":2,\"name\":\"Nishant B. Patel\"}]},{\"@type\":\"WebSite\",\"@id\":\"https:\/\/wpstore.marinlatinfoods.com\/#website\",\"url\":\"https:\/\/wpstore.marinlatinfoods.com\/\",\"name\":\"Mar\u00edn Latin Foods\",\"description\":\"&quot;Can&#039;t get any better!&quot; \/ &quot;\u00a1No hay nada mejor!&quot;\",\"publisher\":{\"@id\":\"https:\/\/wpstore.marinlatinfoods.com\/#organization\"},\"potentialAction\":[{\"@type\":\"SearchAction\",\"target\":{\"@type\":\"EntryPoint\",\"urlTemplate\":\"https:\/\/wpstore.marinlatinfoods.com\/?s={search_term_string}\"},\"query-input\":{\"@type\":\"PropertyValueSpecification\",\"valueRequired\":true,\"valueName\":\"search_term_string\"}}],\"inLanguage\":\"es\"},{\"@type\":\"Organization\",\"@id\":\"https:\/\/wpstore.marinlatinfoods.com\/#organization\",\"name\":\"Mar\u00edn Latin Foods\",\"url\":\"https:\/\/wpstore.marinlatinfoods.com\/\",\"logo\":{\"@type\":\"ImageObject\",\"inLanguage\":\"es\",\"@id\":\"https:\/\/wpstore.marinlatinfoods.com\/#\/schema\/logo\/image\/\",\"url\":\"https:\/\/wpstore.marinlatinfoods.com\/wp-content\/uploads\/2025\/07\/logo12_1582488128-1.png\",\"contentUrl\":\"https:\/\/wpstore.marinlatinfoods.com\/wp-content\/uploads\/2025\/07\/logo12_1582488128-1.png\",\"width\":150,\"height\":96,\"caption\":\"Mar\u00edn Latin Foods\"},\"image\":{\"@id\":\"https:\/\/wpstore.marinlatinfoods.com\/#\/schema\/logo\/image\/\"}}]}<\/script>\n<!-- \/ Yoast SEO plugin. -->","yoast_head_json":{"title":"Nishant B. Patel - Mar\u00edn Latin Foods","robots":{"index":"noindex","follow":"follow","max-snippet":"max-snippet:-1","max-image-preview":"max-image-preview:large","max-video-preview":"max-video-preview:-1"},"og_locale":"es_ES","og_type":"article","og_title":"Nishant B. Patel - Mar\u00edn Latin Foods","og_description":"Nishant B. Patel Senior Web Designer Nishant Patel is the Senior Web Designer for Marin Latin Foods. Paul brought Nishant onto the team as their Senior Web Designer specifically because of his vast experience and knowledge in website design. &#8220;Lorem [&hellip;]","og_url":"https:\/\/wpstore.marinlatinfoods.com\/es\/nishant-patel\/","og_site_name":"Mar\u00edn Latin Foods","article_modified_time":"2025-09-22T20:18:01+00:00","og_image":[{"url":"https:\/\/wpstore.marinlatinfoods.com\/wp-content\/uploads\/2025\/09\/nishant-bio-page.png","type":"","width":"","height":""}],"twitter_card":"summary_large_image","twitter_misc":{"Est. reading time":"2 minutos"},"schema":{"@context":"https:\/\/schema.org","@graph":[{"@type":"WebPage","@id":"https:\/\/wpstore.marinlatinfoods.com\/nishant-patel\/","url":"https:\/\/wpstore.marinlatinfoods.com\/nishant-patel\/","name":"Nishant B. Patel - Mar\u00edn Latin Foods","isPartOf":{"@id":"https:\/\/wpstore.marinlatinfoods.com\/#website"},"primaryImageOfPage":{"@id":"https:\/\/wpstore.marinlatinfoods.com\/nishant-patel\/#primaryimage"},"image":{"@id":"https:\/\/wpstore.marinlatinfoods.com\/nishant-patel\/#primaryimage"},"thumbnailUrl":"https:\/\/wpstore.marinlatinfoods.com\/wp-content\/uploads\/2025\/09\/nishant-bio-page.png","datePublished":"2025-09-01T06:59:09+00:00","dateModified":"2025-09-22T20:18:01+00:00","breadcrumb":{"@id":"https:\/\/wpstore.marinlatinfoods.com\/nishant-patel\/#breadcrumb"},"inLanguage":"es","potentialAction":[{"@type":"ReadAction","target":["https:\/\/wpstore.marinlatinfoods.com\/nishant-patel\/"]}]},{"@type":"ImageObject","inLanguage":"es","@id":"https:\/\/wpstore.marinlatinfoods.com\/nishant-patel\/#primaryimage","url":"https:\/\/wpstore.marinlatinfoods.com\/wp-content\/uploads\/2025\/09\/nishant-bio-page.png","contentUrl":"https:\/\/wpstore.marinlatinfoods.com\/wp-content\/uploads\/2025\/09\/nishant-bio-page.png"},{"@type":"BreadcrumbList","@id":"https:\/\/wpstore.marinlatinfoods.com\/nishant-patel\/#breadcrumb","itemListElement":[{"@type":"ListItem","position":1,"name":"Home","item":"https:\/\/wpstore.marinlatinfoods.com\/"},{"@type":"ListItem","position":2,"name":"Nishant B. Patel"}]},{"@type":"WebSite","@id":"https:\/\/wpstore.marinlatinfoods.com\/#website","url":"https:\/\/wpstore.marinlatinfoods.com\/","name":"Mar\u00edn Latin Foods","description":"&quot;Can&#039;t get any better!&quot; \/ &quot;\u00a1No hay nada mejor!&quot;","publisher":{"@id":"https:\/\/wpstore.marinlatinfoods.com\/#organization"},"potentialAction":[{"@type":"SearchAction","target":{"@type":"EntryPoint","urlTemplate":"https:\/\/wpstore.marinlatinfoods.com\/?s={search_term_string}"},"query-input":{"@type":"PropertyValueSpecification","valueRequired":true,"valueName":"search_term_string"}}],"inLanguage":"es"},{"@type":"Organization","@id":"https:\/\/wpstore.marinlatinfoods.com\/#organization","name":"Mar\u00edn Latin Foods","url":"https:\/\/wpstore.marinlatinfoods.com\/","logo":{"@type":"ImageObject","inLanguage":"es","@id":"https:\/\/wpstore.marinlatinfoods.com\/#\/schema\/logo\/image\/","url":"https:\/\/wpstore.marinlatinfoods.com\/wp-content\/uploads\/2025\/07\/logo12_1582488128-1.png","contentUrl":"https:\/\/wpstore.marinlatinfoods.com\/wp-content\/uploads\/2025\/07\/logo12_1582488128-1.png","width":150,"height":96,"caption":"Mar\u00edn Latin Foods"},"image":{"@id":"https:\/\/wpstore.marinlatinfoods.com\/#\/schema\/logo\/image\/"}}]}},"_links":{"self":[{"href":"https:\/\/wpstore.marinlatinfoods.com\/es\/wp-json\/wp\/v2\/pages\/23902","targetHints":{"allow":["GET"]}}],"collection":[{"href":"https:\/\/wpstore.marinlatinfoods.com\/es\/wp-json\/wp\/v2\/pages"}],"about":[{"href":"https:\/\/wpstore.marinlatinfoods.com\/es\/wp-json\/wp\/v2\/types\/page"}],"author":[{"embeddable":true,"href":"https:\/\/wpstore.marinlatinfoods.com\/es\/wp-json\/wp\/v2\/users\/1"}],"replies":[{"embeddable":true,"href":"https:\/\/wpstore.marinlatinfoods.com\/es\/wp-json\/wp\/v2\/comments?post=23902"}],"version-history":[{"count":15,"href":"https:\/\/wpstore.marinlatinfoods.com\/es\/wp-json\/wp\/v2\/pages\/23902\/revisions"}],"predecessor-version":[{"id":24596,"href":"https:\/\/wpstore.marinlatinfoods.com\/es\/wp-json\/wp\/v2\/pages\/23902\/revisions\/24596"}],"wp:attachment":[{"href":"https:\/\/wpstore.marinlatinfoods.com\/es\/wp-json\/wp\/v2\/media?parent=23902"}],"curies":[{"name":"wp","href":"https:\/\/api.w.org\/{rel}","templated":true}]}}