{"id":23911,"date":"2025-09-01T07:04:25","date_gmt":"2025-09-01T07:04:25","guid":{"rendered":"https:\/\/wpstore.marinlatinfoods.com\/?page_id=23911"},"modified":"2025-09-17T03:38:57","modified_gmt":"2025-09-17T03:38:57","slug":"mark-c-turner","status":"publish","type":"page","link":"https:\/\/wpstore.marinlatinfoods.com\/es\/mark-c-turner\/","title":{"rendered":"Mark C. Turner"},"content":{"rendered":"<div data-elementor-type=\"wp-page\" data-elementor-id=\"23911\" class=\"elementor elementor-23911\">\n\t\t\t\t<div class=\"elementor-element elementor-element-a3a1a69 e-flex e-con-boxed e-con e-parent\" data-id=\"a3a1a69\" data-element_type=\"container\">\n\t\t\t\t\t<div class=\"e-con-inner\">\n\t\t\t\t<div class=\"elementor-element elementor-element-d735327 elementor-widget elementor-widget-hema-heading\" data-id=\"d735327\" data-element_type=\"widget\" data-widget_type=\"hema-heading.default\">\n\t\t\t\t<div class=\"elementor-widget-container\">\n\t\t\t\t\t<div id=\"hema-heading-69dfe0f1191c4\" class=\"hema-element bx-wrap hema-heading\"><div class=\"hwt-heading\"><h2  class=\"bx-title\">\nMark C. Turner<\/h2><\/div><\/div>\t\t\t\t<\/div>\n\t\t\t\t<\/div>\n\t\t\t\t<div class=\"elementor-element elementor-element-65c26e2 elementor-widget elementor-widget-hema-image-box\" data-id=\"65c26e2\" data-element_type=\"widget\" data-widget_type=\"hema-image-box.default\">\n\t\t\t\t<div class=\"elementor-widget-container\">\n\t\t\t\t\t<div id=\"hema-image-box-69dfe0f11a50a\" class=\"hema-element bx-wrap hema-image-box wt-imgbx imgbx-styl-def\"><div  class=\"bx-img none\"><img fetchpriority=\"high\" decoding=\"async\" width=\"267\" height=\"400\" src=\"https:\/\/wpstore.marinlatinfoods.com\/wp-content\/uploads\/2025\/09\/mark-bio-page-2.png\" class=\"post-image attachment-full\" alt=\"\" title=\"Mark C. Turner\" srcset=\"https:\/\/wpstore.marinlatinfoods.com\/wp-content\/uploads\/2025\/09\/mark-bio-page-2.png 267w, https:\/\/wpstore.marinlatinfoods.com\/wp-content\/uploads\/2025\/09\/mark-bio-page-2-200x300.png 200w, https:\/\/wpstore.marinlatinfoods.com\/wp-content\/uploads\/2025\/09\/mark-bio-page-2-150x225.png 150w\" sizes=\"(max-width: 267px) 100vw, 267px\" \/><\/div><div class=\"bx-wrap-cont\"><h3  class=\"bx-title\">VP of Marketing &amp; Human Resources<\/h3><\/div><\/div>\t\t\t\t<\/div>\n\t\t\t\t<\/div>\n\t\t\t\t<div class=\"elementor-element elementor-element-4fc659f elementor-widget__width-initial elementor-widget elementor-widget-hema-text\" data-id=\"4fc659f\" data-element_type=\"widget\" data-widget_type=\"hema-text.default\">\n\t\t\t\t<div class=\"elementor-widget-container\">\n\t\t\t\t\t<div id=\"hema-text69dfe0f11c9fe\" class=\"hema-element hema-text hwt-text\"><p  class=\"bx-content\">Mark C. Turner is Vice President of Human Resources of Mar\u00edn Latin Foods. Paul had chosen him to join the team as Mark has over 30 years of experience in Human Resources. He has worked for large corporations such as Metro-North Railroad, JP Morgan Chase, American Express, and UBS financial services. In 2002, Mark left his role as a Divisional Vice President with UBS, to create the Human Resources Division for the Sean John fashion company. He grew the company from 50 employees to over 240 in less than 2 years.<\/p><\/div>\t\t\t\t<\/div>\n\t\t\t\t<\/div>\n\t\t\t\t<div class=\"elementor-element elementor-element-c98807c elementor-widget__width-initial elementor-widget elementor-widget-hema-text\" data-id=\"c98807c\" data-element_type=\"widget\" data-widget_type=\"hema-text.default\">\n\t\t\t\t<div class=\"elementor-widget-container\">\n\t\t\t\t\t<div id=\"hema-text69dfe0f11cec1\" class=\"hema-element hema-text hwt-text\"><p  class=\"bx-content\">\nMark pas\u00f3 a trabajar para varias empresas tecnol\u00f3gicas de nueva creaci\u00f3n como Director de Recursos Humanos, Generalista y Reclutador T\u00e9cnico. Actualmente es el gerente de Adquisici\u00f3n de talentos para ShopKeep, una de las plataformas de punto de venta m\u00e1s grandes del pa\u00eds.<\/p><\/div>\t\t\t\t<\/div>\n\t\t\t\t<\/div>\n\t\t\t\t<div class=\"elementor-element elementor-element-1f9a5c6 elementor-widget__width-initial elementor-widget elementor-widget-hema-text\" data-id=\"1f9a5c6\" data-element_type=\"widget\" data-widget_type=\"hema-text.default\">\n\t\t\t\t<div class=\"elementor-widget-container\">\n\t\t\t\t\t<div id=\"hema-text69dfe0f11d2df\" class=\"hema-element hema-text hwt-text\"><p  class=\"bx-content\">\nEl Sr. Turner se gradu\u00f3 del City College de Nueva York, donde posee una licenciatura en Comunicaciones. Adem\u00e1s, complet\u00f3 el programa de certificaci\u00f3n en Recursos Humanos de la Universidad de Cornell, el programa de Administraci\u00f3n de la Universidad de Nueva York y el programa de Ingenier\u00eda de TI para gerentes no t\u00e9cnicos del Instituto Chubb.<\/p><\/div>\t\t\t\t<\/div>\n\t\t\t\t<\/div>\n\t\t\t\t<div class=\"elementor-element elementor-element-8b4b6e1 elementor-widget__width-initial elementor-widget elementor-widget-hema-text\" data-id=\"8b4b6e1\" data-element_type=\"widget\" data-widget_type=\"hema-text.default\">\n\t\t\t\t<div class=\"elementor-widget-container\">\n\t\t\t\t\t<div id=\"hema-text69dfe0f11d60d\" class=\"hema-element hema-text hwt-text\"><p  class=\"bx-content\">Contin\u00faa facilitando cursos de capacitaci\u00f3n en gesti\u00f3n del desempe\u00f1o, acoso sexual, diversidad e inclusi\u00f3n, t\u00e9cnicas y pr\u00e1cticas de entrevista y planificaci\u00f3n de carreras.<\/p><\/div>\t\t\t\t<\/div>\n\t\t\t\t<\/div>\n\t\t\t\t\t<\/div>\n\t\t\t\t<\/div>\n\t\t\t\t<\/div>","protected":false},"excerpt":{"rendered":"<p>Mark C. Turner VP of Marketing &amp; Human Resources Mark C. Turner is Vice President of Human Resources of Mar\u00edn Latin Foods. Paul had chosen him to join the team as Mark has over 30 years of experience in Human [&hellip;]<\/p>","protected":false},"author":1,"featured_media":0,"parent":0,"menu_order":0,"comment_status":"closed","ping_status":"closed","template":"elementor_header_footer","meta":{"footnotes":""},"class_list":["post-23911","page","type-page","status-publish","hentry"],"yoast_head":"<!-- This site is optimized with the Yoast SEO plugin v25.9 - https:\/\/yoast.com\/wordpress\/plugins\/seo\/ -->\n<title>Mark C. Turner - Mar\u00edn Latin Foods<\/title>\n<meta name=\"robots\" content=\"noindex, follow, max-snippet:-1, max-image-preview:large, max-video-preview:-1\" \/>\n<meta property=\"og:locale\" content=\"es_ES\" \/>\n<meta property=\"og:type\" content=\"article\" \/>\n<meta property=\"og:title\" content=\"Mark C. Turner - Mar\u00edn Latin Foods\" \/>\n<meta property=\"og:description\" content=\"Mark C. Turner VP of Marketing &amp; Human Resources Mark C. Turner is Vice President of Human Resources of Mar\u00edn Latin Foods. Paul had chosen him to join the team as Mark has over 30 years of experience in Human [&hellip;]\" \/>\n<meta property=\"og:url\" content=\"https:\/\/wpstore.marinlatinfoods.com\/es\/mark-c-turner\/\" \/>\n<meta property=\"og:site_name\" content=\"Mar\u00edn Latin Foods\" \/>\n<meta property=\"article:modified_time\" content=\"2025-09-17T03:38:57+00:00\" \/>\n<meta property=\"og:image\" content=\"https:\/\/wpstore.marinlatinfoods.com\/wp-content\/uploads\/2025\/09\/mark-bio-page-2.png\" \/>\n<meta name=\"twitter:card\" content=\"summary_large_image\" \/>\n<meta name=\"twitter:label1\" content=\"Est. reading time\" \/>\n\t<meta name=\"twitter:data1\" content=\"2 minutos\" \/>\n<script type=\"application\/ld+json\" class=\"yoast-schema-graph\">{\"@context\":\"https:\/\/schema.org\",\"@graph\":[{\"@type\":\"WebPage\",\"@id\":\"https:\/\/wpstore.marinlatinfoods.com\/mark-c-turner\/\",\"url\":\"https:\/\/wpstore.marinlatinfoods.com\/mark-c-turner\/\",\"name\":\"Mark C. Turner - Mar\u00edn Latin Foods\",\"isPartOf\":{\"@id\":\"https:\/\/wpstore.marinlatinfoods.com\/#website\"},\"primaryImageOfPage\":{\"@id\":\"https:\/\/wpstore.marinlatinfoods.com\/mark-c-turner\/#primaryimage\"},\"image\":{\"@id\":\"https:\/\/wpstore.marinlatinfoods.com\/mark-c-turner\/#primaryimage\"},\"thumbnailUrl\":\"https:\/\/wpstore.marinlatinfoods.com\/wp-content\/uploads\/2025\/09\/mark-bio-page-2.png\",\"datePublished\":\"2025-09-01T07:04:25+00:00\",\"dateModified\":\"2025-09-17T03:38:57+00:00\",\"breadcrumb\":{\"@id\":\"https:\/\/wpstore.marinlatinfoods.com\/mark-c-turner\/#breadcrumb\"},\"inLanguage\":\"es\",\"potentialAction\":[{\"@type\":\"ReadAction\",\"target\":[\"https:\/\/wpstore.marinlatinfoods.com\/mark-c-turner\/\"]}]},{\"@type\":\"ImageObject\",\"inLanguage\":\"es\",\"@id\":\"https:\/\/wpstore.marinlatinfoods.com\/mark-c-turner\/#primaryimage\",\"url\":\"https:\/\/wpstore.marinlatinfoods.com\/wp-content\/uploads\/2025\/09\/mark-bio-page-2.png\",\"contentUrl\":\"https:\/\/wpstore.marinlatinfoods.com\/wp-content\/uploads\/2025\/09\/mark-bio-page-2.png\"},{\"@type\":\"BreadcrumbList\",\"@id\":\"https:\/\/wpstore.marinlatinfoods.com\/mark-c-turner\/#breadcrumb\",\"itemListElement\":[{\"@type\":\"ListItem\",\"position\":1,\"name\":\"Home\",\"item\":\"https:\/\/wpstore.marinlatinfoods.com\/\"},{\"@type\":\"ListItem\",\"position\":2,\"name\":\"Mark C. Turner\"}]},{\"@type\":\"WebSite\",\"@id\":\"https:\/\/wpstore.marinlatinfoods.com\/#website\",\"url\":\"https:\/\/wpstore.marinlatinfoods.com\/\",\"name\":\"Mar\u00edn Latin Foods\",\"description\":\"&quot;Can&#039;t get any better!&quot; \/ &quot;\u00a1No hay nada mejor!&quot;\",\"publisher\":{\"@id\":\"https:\/\/wpstore.marinlatinfoods.com\/#organization\"},\"potentialAction\":[{\"@type\":\"SearchAction\",\"target\":{\"@type\":\"EntryPoint\",\"urlTemplate\":\"https:\/\/wpstore.marinlatinfoods.com\/?s={search_term_string}\"},\"query-input\":{\"@type\":\"PropertyValueSpecification\",\"valueRequired\":true,\"valueName\":\"search_term_string\"}}],\"inLanguage\":\"es\"},{\"@type\":\"Organization\",\"@id\":\"https:\/\/wpstore.marinlatinfoods.com\/#organization\",\"name\":\"Mar\u00edn Latin Foods\",\"url\":\"https:\/\/wpstore.marinlatinfoods.com\/\",\"logo\":{\"@type\":\"ImageObject\",\"inLanguage\":\"es\",\"@id\":\"https:\/\/wpstore.marinlatinfoods.com\/#\/schema\/logo\/image\/\",\"url\":\"https:\/\/wpstore.marinlatinfoods.com\/wp-content\/uploads\/2025\/07\/logo12_1582488128-1.png\",\"contentUrl\":\"https:\/\/wpstore.marinlatinfoods.com\/wp-content\/uploads\/2025\/07\/logo12_1582488128-1.png\",\"width\":150,\"height\":96,\"caption\":\"Mar\u00edn Latin Foods\"},\"image\":{\"@id\":\"https:\/\/wpstore.marinlatinfoods.com\/#\/schema\/logo\/image\/\"}}]}<\/script>\n<!-- \/ Yoast SEO plugin. -->","yoast_head_json":{"title":"Mark C. Turner - Mar\u00edn Latin Foods","robots":{"index":"noindex","follow":"follow","max-snippet":"max-snippet:-1","max-image-preview":"max-image-preview:large","max-video-preview":"max-video-preview:-1"},"og_locale":"es_ES","og_type":"article","og_title":"Mark C. Turner - Mar\u00edn Latin Foods","og_description":"Mark C. Turner VP of Marketing &amp; Human Resources Mark C. Turner is Vice President of Human Resources of Mar\u00edn Latin Foods. Paul had chosen him to join the team as Mark has over 30 years of experience in Human [&hellip;]","og_url":"https:\/\/wpstore.marinlatinfoods.com\/es\/mark-c-turner\/","og_site_name":"Mar\u00edn Latin Foods","article_modified_time":"2025-09-17T03:38:57+00:00","og_image":[{"url":"https:\/\/wpstore.marinlatinfoods.com\/wp-content\/uploads\/2025\/09\/mark-bio-page-2.png","type":"","width":"","height":""}],"twitter_card":"summary_large_image","twitter_misc":{"Est. reading time":"2 minutos"},"schema":{"@context":"https:\/\/schema.org","@graph":[{"@type":"WebPage","@id":"https:\/\/wpstore.marinlatinfoods.com\/mark-c-turner\/","url":"https:\/\/wpstore.marinlatinfoods.com\/mark-c-turner\/","name":"Mark C. Turner - Mar\u00edn Latin Foods","isPartOf":{"@id":"https:\/\/wpstore.marinlatinfoods.com\/#website"},"primaryImageOfPage":{"@id":"https:\/\/wpstore.marinlatinfoods.com\/mark-c-turner\/#primaryimage"},"image":{"@id":"https:\/\/wpstore.marinlatinfoods.com\/mark-c-turner\/#primaryimage"},"thumbnailUrl":"https:\/\/wpstore.marinlatinfoods.com\/wp-content\/uploads\/2025\/09\/mark-bio-page-2.png","datePublished":"2025-09-01T07:04:25+00:00","dateModified":"2025-09-17T03:38:57+00:00","breadcrumb":{"@id":"https:\/\/wpstore.marinlatinfoods.com\/mark-c-turner\/#breadcrumb"},"inLanguage":"es","potentialAction":[{"@type":"ReadAction","target":["https:\/\/wpstore.marinlatinfoods.com\/mark-c-turner\/"]}]},{"@type":"ImageObject","inLanguage":"es","@id":"https:\/\/wpstore.marinlatinfoods.com\/mark-c-turner\/#primaryimage","url":"https:\/\/wpstore.marinlatinfoods.com\/wp-content\/uploads\/2025\/09\/mark-bio-page-2.png","contentUrl":"https:\/\/wpstore.marinlatinfoods.com\/wp-content\/uploads\/2025\/09\/mark-bio-page-2.png"},{"@type":"BreadcrumbList","@id":"https:\/\/wpstore.marinlatinfoods.com\/mark-c-turner\/#breadcrumb","itemListElement":[{"@type":"ListItem","position":1,"name":"Home","item":"https:\/\/wpstore.marinlatinfoods.com\/"},{"@type":"ListItem","position":2,"name":"Mark C. Turner"}]},{"@type":"WebSite","@id":"https:\/\/wpstore.marinlatinfoods.com\/#website","url":"https:\/\/wpstore.marinlatinfoods.com\/","name":"Mar\u00edn Latin Foods","description":"&quot;Can&#039;t get any better!&quot; \/ &quot;\u00a1No hay nada mejor!&quot;","publisher":{"@id":"https:\/\/wpstore.marinlatinfoods.com\/#organization"},"potentialAction":[{"@type":"SearchAction","target":{"@type":"EntryPoint","urlTemplate":"https:\/\/wpstore.marinlatinfoods.com\/?s={search_term_string}"},"query-input":{"@type":"PropertyValueSpecification","valueRequired":true,"valueName":"search_term_string"}}],"inLanguage":"es"},{"@type":"Organization","@id":"https:\/\/wpstore.marinlatinfoods.com\/#organization","name":"Mar\u00edn Latin Foods","url":"https:\/\/wpstore.marinlatinfoods.com\/","logo":{"@type":"ImageObject","inLanguage":"es","@id":"https:\/\/wpstore.marinlatinfoods.com\/#\/schema\/logo\/image\/","url":"https:\/\/wpstore.marinlatinfoods.com\/wp-content\/uploads\/2025\/07\/logo12_1582488128-1.png","contentUrl":"https:\/\/wpstore.marinlatinfoods.com\/wp-content\/uploads\/2025\/07\/logo12_1582488128-1.png","width":150,"height":96,"caption":"Mar\u00edn Latin Foods"},"image":{"@id":"https:\/\/wpstore.marinlatinfoods.com\/#\/schema\/logo\/image\/"}}]}},"_links":{"self":[{"href":"https:\/\/wpstore.marinlatinfoods.com\/es\/wp-json\/wp\/v2\/pages\/23911","targetHints":{"allow":["GET"]}}],"collection":[{"href":"https:\/\/wpstore.marinlatinfoods.com\/es\/wp-json\/wp\/v2\/pages"}],"about":[{"href":"https:\/\/wpstore.marinlatinfoods.com\/es\/wp-json\/wp\/v2\/types\/page"}],"author":[{"embeddable":true,"href":"https:\/\/wpstore.marinlatinfoods.com\/es\/wp-json\/wp\/v2\/users\/1"}],"replies":[{"embeddable":true,"href":"https:\/\/wpstore.marinlatinfoods.com\/es\/wp-json\/wp\/v2\/comments?post=23911"}],"version-history":[{"count":7,"href":"https:\/\/wpstore.marinlatinfoods.com\/es\/wp-json\/wp\/v2\/pages\/23911\/revisions"}],"predecessor-version":[{"id":24535,"href":"https:\/\/wpstore.marinlatinfoods.com\/es\/wp-json\/wp\/v2\/pages\/23911\/revisions\/24535"}],"wp:attachment":[{"href":"https:\/\/wpstore.marinlatinfoods.com\/es\/wp-json\/wp\/v2\/media?parent=23911"}],"curies":[{"name":"wp","href":"https:\/\/api.w.org\/{rel}","templated":true}]}}